{"id":56616,"date":"2017-01-22T22:27:56","date_gmt":"2017-01-22T21:27:56","guid":{"rendered":"http:\/\/www.accusticarts.de\/wordpress\/?page_id=56616\/"},"modified":"2017-01-22T22:28:17","modified_gmt":"2017-01-22T21:28:17","slug":"rechtliches","status":"publish","type":"page","link":"https:\/\/www.accusticarts.de\/en\/rechtliches\/","title":{"rendered":"Rechtliches"},"content":{"rendered":"<h1 id=\"submenu\">Rechtliches<\/h1>\n<div id=\"inhalt\">\n<div id=\"impressum\" class=\"impressum\">\n<h4 class=\"impressum\">1. Links<\/h4>\n<p class=\"impressum\">Soweit wir auf Internetseiten Dritter verweisen, \u00fcbernehmen wir keinerlei Haftung f\u00fcr den Inhalt der verlinkten Seiten.<\/p>\n<h4 class=\"impressum\">2. Schutzrechte<\/h4>\n<p class=\"impressum\">S\u00e4mtliche Texte, Bilder und andere auf unseren Internetseiten ver\u00f6ffentlichten Werke unterliegen \u2013 sofern nicht anders gekennzeichnet \u2013 dem Copyright der ACCUSTIC ARTS Audio GmbH. Jede Vervielf\u00e4ltigung, Verbreitung, Speicherung, \u00dcbermittlung, Sendung und Wieder- bzw. Weitergabe der Inhalte bedarf der vorherigen schriftlichen Einwilligung der ACCUSTIC ARTS Audio GmbH.<\/p>\n<h4 class=\"impressum\">3. Datenschutz<\/h4>\n<p class=\"impressum\">Wie bei jedem Zugriff auf eine Webseite im Internet werden auch beim Zugriff auf unsere Internetseiten, automatisch Informationen allgemeiner Natur erfasst. Erfasst werden zum Beispiel Informationen zum eingesetzten Webbrowser, zum verwendeten Betriebssystem, zum Domainnamen Ihres Internet Service Providers und \u00e4hnliches. Hierbei handelt es sich ausschlie\u00dflich um Informationen, welche keine personenbezogenen R\u00fcckschl\u00fcsse zulassen. Diese Informationen werden ausschlie\u00dflich anonymisiert erhoben und von uns statistisch ausgewertet. Wir erfassen Ihre pers\u00f6nlichen Daten ausschlie\u00dflich zu dem Zweck, zu dem Sie Ihre Daten zur Verf\u00fcgung stellen. Ihre pers\u00f6nlichen Daten werden nur innerhalb der ACCUSTIC ARTS Audio GmbH unter Beachtung der einzuhaltenden Datenschutzvorschriften genutzt.<br \/>\nSoweit Sie auf unseren Internetseiten pers\u00f6nliche Daten, wie Ihren Namen, Ihre Anschrift oder Kommunikationsinformationen wie Telefon- oder Faxnummern oder Mail-Adressen eingeben, erfolgt dies jeweils ausschlie\u00dflich auf freiwilliger Basis. Soweit m\u00f6glich, k\u00f6nnen Sie die auf unseren Internetseiten angebotenen Inhalte und Dienste ohne Angabe personenbezogener Daten nutzen. Sie sind damit einverstanden und erm\u00e4chtigen uns, dass wir die im Zusammenhang mit der Gesch\u00e4ftsbeziehung erhaltenen Daten unter Beachtung der einzuhaltenden Datenschutzvorschriften innerhalb der ACCUSTIC ARTS Audio GmbH verarbeiten, speichern und auswerten. Ihre personenbezogenen Daten werden Dritten nicht zug\u00e4nglich gemacht oder an Dritte verkauft. Erg\u00e4nzend verweisen wir auf unsere <a href=\"http:\/\/accusticarts.de\/startseite\/datenschutzerklaerung\/\">Datenschutzerkl\u00e4rung<\/a>.<\/p>\n<h4 class=\"impressum\">4. Haftungsausschluss<\/h4>\n<p class=\"impressum\">Die ACCUSTIC ARTS Audio GmbH hat den Inhalt dieses Internetauftrittes sorgf\u00e4ltig zusammengestellt. Der Inhalt wird regelm\u00e4\u00dfig aktualisiert. Wir k\u00f6nnen weder eine Gew\u00e4hr f\u00fcr die Aktualit\u00e4t, Richtigkeit und Vollst\u00e4ndigkeit der Informationen auf unseren Internetseiten, noch f\u00fcr einen jederzeitigen st\u00f6rungsfreien Zugang \u00fcbernehmen.<br \/>\nWir schlie\u00dfen unsere Haftung, insbesondere beim Download von durch uns zur Verf\u00fcgung gestellten Dateien unseren Internetseiten f\u00fcr leicht fahrl\u00e4ssige Pflichtverletzungen aus, sofern diese keine vertragswesentlichen Pflichten sowie Leben, Gesundheit oder K\u00f6rper betreffen oder Anspr\u00fcche nach dem Produkthaftungsgesetz ber\u00fchrt sind. Dasselbe gilt f\u00fcr Pflichtverletzungen unserer Erf\u00fcllungsgehilfen. Alle unsere Angaben und Angebote sind freibleibend und unverbindlich und dienen Ihrer allgemeinen pers\u00f6nlichen Information. Wir behalten uns ausdr\u00fccklich vor, unseren Internetauftritt insgesamt oder teilweise ohne gesonderte Ank\u00fcndigung zu ver\u00e4ndern, zu erg\u00e4nzen, zu l\u00f6schen oder die Ver\u00f6ffentlichung zeitweise oder endg\u00fcltig einzustellen.<\/p>\n<p>&nbsp;<\/p>\n<p>\u00a9 ACCUSTIC ARTS Audio GmbH. Alle Rechte vorbehalten.<\/p>\n<\/div>\n<\/div>\n","protected":false},"excerpt":{"rendered":"<p>Rechtliches 1. Links Soweit wir auf Internetseiten Dritter verweisen, \u00fcbernehmen wir keinerlei Haftung f\u00fcr den Inhalt der verlinkten Seiten. 2. [&hellip;]<\/p>\n","protected":false},"author":1,"featured_media":0,"parent":0,"menu_order":0,"comment_status":"closed","ping_status":"closed","template":"","meta":{"_improvement_type_select":"improve_an_existing","_thumb_yes_seoaic":false,"_frame_yes_seoaic":false,"seoaic_generate_description":"","seoaic_improve_instructions_prompt":"","seoaic_rollback_content_improvement":"","seoaic_idea_thumbnail_generator":"","thumbnail_generated":false,"thumbnail_generate_prompt":"","seoaic_article_description":"","footnotes":""},"class_list":["post-56616","page","type-page","status-publish","hentry"],"yoast_head":"<!-- This site is optimized with the Yoast SEO Premium plugin v27.4 (Yoast SEO v27.4) - https:\/\/yoast.com\/product\/yoast-seo-premium-wordpress\/ -->\n<title>Rechtliches - ACCUSTIC ARTS\u00ae - Audiophile high end audio components of absolute top-class<\/title>\n<meta name=\"robots\" content=\"index, follow, max-snippet:-1, max-image-preview:large, max-video-preview:-1\" \/>\n<link rel=\"canonical\" href=\"https:\/\/www.accusticarts.de\/en\/rechtliches\/\" \/>\n<meta property=\"og:locale\" content=\"en_US\" \/>\n<meta property=\"og:type\" content=\"article\" \/>\n<meta property=\"og:title\" content=\"Rechtliches\" \/>\n<meta property=\"og:description\" content=\"Rechtliches 1. Links Soweit wir auf Internetseiten Dritter verweisen, \u00fcbernehmen wir keinerlei Haftung f\u00fcr den Inhalt der verlinkten Seiten. 2. [&hellip;]\" \/>\n<meta property=\"og:url\" content=\"https:\/\/www.accusticarts.de\/en\/rechtliches\/\" \/>\n<meta property=\"og:site_name\" content=\"Accustic Arts\u00ae\" \/>\n<meta property=\"article:publisher\" content=\"https:\/\/www.facebook.com\/highendaccusticarts\" \/>\n<meta property=\"article:modified_time\" content=\"2017-01-22T21:28:17+00:00\" \/>\n<meta name=\"twitter:card\" content=\"summary_large_image\" \/>\n<meta name=\"twitter:site\" content=\"@accustic_arts\" \/>\n<meta name=\"twitter:label1\" content=\"Est. reading time\" \/>\n\t<meta name=\"twitter:data1\" content=\"2 minutes\" \/>\n<script type=\"application\/ld+json\" class=\"yoast-schema-graph\">{\"@context\":\"https:\\\/\\\/schema.org\",\"@graph\":[{\"@type\":\"WebPage\",\"@id\":\"https:\\\/\\\/www.accusticarts.de\\\/en\\\/rechtliches\\\/\",\"url\":\"https:\\\/\\\/www.accusticarts.de\\\/en\\\/rechtliches\\\/\",\"name\":\"Rechtliches - ACCUSTIC ARTS\u00ae - Audiophile high end audio components of absolute top-class\",\"isPartOf\":{\"@id\":\"https:\\\/\\\/www.accusticarts.de\\\/en\\\/#website\"},\"datePublished\":\"2017-01-22T21:27:56+00:00\",\"dateModified\":\"2017-01-22T21:28:17+00:00\",\"breadcrumb\":{\"@id\":\"https:\\\/\\\/www.accusticarts.de\\\/en\\\/rechtliches\\\/#breadcrumb\"},\"inLanguage\":\"en-US\",\"potentialAction\":[{\"@type\":\"ReadAction\",\"target\":[\"https:\\\/\\\/www.accusticarts.de\\\/en\\\/rechtliches\\\/\"]}]},{\"@type\":\"BreadcrumbList\",\"@id\":\"https:\\\/\\\/www.accusticarts.de\\\/en\\\/rechtliches\\\/#breadcrumb\",\"itemListElement\":[{\"@type\":\"ListItem\",\"position\":1,\"name\":\"Startseite\",\"item\":\"https:\\\/\\\/www.accusticarts.de\\\/en\\\/\"},{\"@type\":\"ListItem\",\"position\":2,\"name\":\"Rechtliches\"}]},{\"@type\":\"WebSite\",\"@id\":\"https:\\\/\\\/www.accusticarts.de\\\/en\\\/#website\",\"url\":\"https:\\\/\\\/www.accusticarts.de\\\/en\\\/\",\"name\":\"Accustic Arts\u00ae\",\"description\":\"Finest Music Components \u2013 Handmade in Germany\",\"potentialAction\":[{\"@type\":\"SearchAction\",\"target\":{\"@type\":\"EntryPoint\",\"urlTemplate\":\"https:\\\/\\\/www.accusticarts.de\\\/en\\\/?s={search_term_string}\"},\"query-input\":{\"@type\":\"PropertyValueSpecification\",\"valueRequired\":true,\"valueName\":\"search_term_string\"}}],\"inLanguage\":\"en-US\"}]}<\/script>\n<!-- \/ Yoast SEO Premium plugin. -->","yoast_head_json":{"title":"Rechtliches - ACCUSTIC ARTS\u00ae - Audiophile high end audio components of absolute top-class","robots":{"index":"index","follow":"follow","max-snippet":"max-snippet:-1","max-image-preview":"max-image-preview:large","max-video-preview":"max-video-preview:-1"},"canonical":"https:\/\/www.accusticarts.de\/en\/rechtliches\/","og_locale":"en_US","og_type":"article","og_title":"Rechtliches","og_description":"Rechtliches 1. Links Soweit wir auf Internetseiten Dritter verweisen, \u00fcbernehmen wir keinerlei Haftung f\u00fcr den Inhalt der verlinkten Seiten. 2. [&hellip;]","og_url":"https:\/\/www.accusticarts.de\/en\/rechtliches\/","og_site_name":"Accustic Arts\u00ae","article_publisher":"https:\/\/www.facebook.com\/highendaccusticarts","article_modified_time":"2017-01-22T21:28:17+00:00","twitter_card":"summary_large_image","twitter_site":"@accustic_arts","twitter_misc":{"Est. reading time":"2 minutes"},"schema":{"@context":"https:\/\/schema.org","@graph":[{"@type":"WebPage","@id":"https:\/\/www.accusticarts.de\/en\/rechtliches\/","url":"https:\/\/www.accusticarts.de\/en\/rechtliches\/","name":"Rechtliches - ACCUSTIC ARTS\u00ae - Audiophile high end audio components of absolute top-class","isPartOf":{"@id":"https:\/\/www.accusticarts.de\/en\/#website"},"datePublished":"2017-01-22T21:27:56+00:00","dateModified":"2017-01-22T21:28:17+00:00","breadcrumb":{"@id":"https:\/\/www.accusticarts.de\/en\/rechtliches\/#breadcrumb"},"inLanguage":"en-US","potentialAction":[{"@type":"ReadAction","target":["https:\/\/www.accusticarts.de\/en\/rechtliches\/"]}]},{"@type":"BreadcrumbList","@id":"https:\/\/www.accusticarts.de\/en\/rechtliches\/#breadcrumb","itemListElement":[{"@type":"ListItem","position":1,"name":"Startseite","item":"https:\/\/www.accusticarts.de\/en\/"},{"@type":"ListItem","position":2,"name":"Rechtliches"}]},{"@type":"WebSite","@id":"https:\/\/www.accusticarts.de\/en\/#website","url":"https:\/\/www.accusticarts.de\/en\/","name":"Accustic Arts\u00ae","description":"Finest Music Components \u2013 Handmade in Germany","potentialAction":[{"@type":"SearchAction","target":{"@type":"EntryPoint","urlTemplate":"https:\/\/www.accusticarts.de\/en\/?s={search_term_string}"},"query-input":{"@type":"PropertyValueSpecification","valueRequired":true,"valueName":"search_term_string"}}],"inLanguage":"en-US"}]}},"_links":{"self":[{"href":"https:\/\/www.accusticarts.de\/en\/wp-json\/wp\/v2\/pages\/56616","targetHints":{"allow":["GET"]}}],"collection":[{"href":"https:\/\/www.accusticarts.de\/en\/wp-json\/wp\/v2\/pages"}],"about":[{"href":"https:\/\/www.accusticarts.de\/en\/wp-json\/wp\/v2\/types\/page"}],"author":[{"embeddable":true,"href":"https:\/\/www.accusticarts.de\/en\/wp-json\/wp\/v2\/users\/1"}],"replies":[{"embeddable":true,"href":"https:\/\/www.accusticarts.de\/en\/wp-json\/wp\/v2\/comments?post=56616"}],"version-history":[{"count":0,"href":"https:\/\/www.accusticarts.de\/en\/wp-json\/wp\/v2\/pages\/56616\/revisions"}],"wp:attachment":[{"href":"https:\/\/www.accusticarts.de\/en\/wp-json\/wp\/v2\/media?parent=56616"}],"curies":[{"name":"wp","href":"https:\/\/api.w.org\/{rel}","templated":true}]}}