{"id":56611,"date":"2017-01-22T22:27:13","date_gmt":"2017-01-22T21:27:13","guid":{"rendered":"http:\/\/www.accusticarts.de\/wordpress\/?page_id=56611\/"},"modified":"2020-11-22T19:50:45","modified_gmt":"2020-11-22T18:50:45","slug":"impressum","status":"publish","type":"page","link":"https:\/\/www.accusticarts.de\/en\/impressum\/","title":{"rendered":"Impressum"},"content":{"rendered":"<div class=\"wpb-content-wrapper\"><p>[vc_row][vc_column][vc_column_text]<\/p>\n<h1 id=\"submenu\"><span class=\"impressum\"><strong>Impressum<\/strong><\/span><\/h1>\n<div id=\"inhalt\">\n<div id=\"impressum\">\n<p class=\"impressum\">ACCUSTIC ARTS Audio GmbH<br \/>\nSitz Lauffen am Neckar<br \/>\nAmtsgericht Stuttgart, Registergericht, HRB 751655<br \/>\nUSt-IdNr. DE 298194527<br \/>\nWEEE-Reg.-Nr.: DE 78404271<\/p>\n<p>Gesch\u00e4ftsf\u00fchrer: Hans-Joachim Voss<\/p>\n<h3 class=\"impressum\">2. Anbieterangaben<\/h3>\n<p class=\"impressum\">ACCUSTIC ARTS Audio GmbH<br \/>\nHoher Steg 7<br \/>\n74348 Lauffen<br \/>\nFon +49 (0)7133 \/ 97477-0<br \/>\nFax +49 (0)7133 \/ 97477-40<br \/>\nE-Mail: <a href=\"mailto:info@accusticarts.de\">info@accusticarts.de<\/a><\/p>\n<p class=\"impressum\">ACCUSTIC ARTS Audio GmbH beh\u00e4lt sich ausdr\u00fccklich vor, Teile von Seiten oder das gesamte Angebot ohne gesonderte Ank\u00fcndigung zu ver\u00e4ndern, zu erg\u00e4nzen, zu l\u00f6schen oder die Ver\u00f6ffentlichung zeitweise oder endg\u00fcltig einzustellen.<\/p>\n<p class=\"impressum\">Die ACCUSTIC ARTS Audio GmbH haftet weder f\u00fcr die Vollst\u00e4ndigkeit, Richtigkeit oder Aktualit\u00e4t der auf diesen Seiten wiedergegebenen Informationen, noch f\u00fcr einen st\u00f6rungsfreien Zugang.<\/p>\n<\/div>\n<\/div>\n<h3>EU-Streitschlichtung<\/h3>\n<p>Die Europ\u00e4ische Kommission stellt eine Plattform zur Online-Streitbeilegung (OS) bereit: <a href=\"https:\/\/ec.europa.eu\/consumers\/odr\" target=\"_blank\" rel=\"noopener noreferrer\">https:\/\/ec.europa.eu\/consumers\/odr<\/a>.<br \/>\nUnsere E-Mail-Adresse finden Sie oben im Impressum.<\/p>\n<h3>Verbraucher\u00adstreit\u00adbeilegung\/Universal\u00adschlichtungs\u00adstelle<\/h3>\n<p>Wir sind nicht bereit oder verpflichtet, an Streitbeilegungsverfahren vor einer Verbraucherschlichtungsstelle teilzunehmen.<\/p>\n<p>&nbsp;<\/p>\n<h3>Informationspflichten gem\u00e4\u00df \u00a718 Abs. 2 Elektro- und Elektronikger\u00e4tegesetz<\/h3>\n<p><a href=\"https:\/\/www.take-e-way.de\/leistungen\/elektrogesetz-weee-elektrog\/berichts-informationspflichten\/\" target=\"_blank\" rel=\"noopener noreferrer\">weitere Infos hier<\/a><\/p>\n<p>&nbsp;<\/p>\n<div id=\"inhalt\">\n<div id=\"impressum\">\n<p>\u00a9 ACCUSTIC ARTS Audio GmbH. Alle Rechte vorbehalten.<\/p>\n<\/div>\n<\/div>\n<p>[\/vc_column_text][\/vc_column][\/vc_row]<\/p>\n<\/div>","protected":false},"excerpt":{"rendered":"<p>[vc_row][vc_column][vc_column_text] Impressum ACCUSTIC ARTS Audio GmbH Sitz Lauffen am Neckar Amtsgericht Stuttgart, Registergericht, HRB 751655 USt-IdNr. DE 298194527 WEEE-Reg.-Nr.: DE [&hellip;]<\/p>\n","protected":false},"author":1,"featured_media":0,"parent":0,"menu_order":0,"comment_status":"closed","ping_status":"closed","template":"","meta":{"footnotes":""},"class_list":["post-56611","page","type-page","status-publish","hentry"],"yoast_head":"<!-- This site is optimized with the Yoast SEO Premium plugin v27.3 (Yoast SEO v27.3) - https:\/\/yoast.com\/product\/yoast-seo-premium-wordpress\/ -->\n<title>Impressum - ACCUSTIC ARTS\u00ae - Audiophile High End Ger\u00e4te der absoluten Spitzenklasse<\/title>\n<meta name=\"robots\" content=\"index, follow, max-snippet:-1, max-image-preview:large, max-video-preview:-1\" \/>\n<link rel=\"canonical\" href=\"https:\/\/www.accusticarts.de\/en\/impressum\/\" \/>\n<meta property=\"og:locale\" content=\"en_US\" \/>\n<meta property=\"og:type\" content=\"article\" \/>\n<meta property=\"og:title\" content=\"Impressum\" \/>\n<meta property=\"og:description\" content=\"[vc_row][vc_column][vc_column_text] Impressum ACCUSTIC ARTS Audio GmbH Sitz Lauffen am Neckar Amtsgericht Stuttgart, Registergericht, HRB 751655 USt-IdNr. DE 298194527 WEEE-Reg.-Nr.: DE [&hellip;]\" \/>\n<meta property=\"og:url\" content=\"https:\/\/www.accusticarts.de\/en\/impressum\/\" \/>\n<meta property=\"og:site_name\" content=\"Accustic Arts\u00ae\" \/>\n<meta property=\"article:publisher\" content=\"https:\/\/www.facebook.com\/highendaccusticarts\" \/>\n<meta property=\"article:modified_time\" content=\"2020-11-22T18:50:45+00:00\" \/>\n<meta name=\"twitter:card\" content=\"summary_large_image\" \/>\n<meta name=\"twitter:site\" content=\"@accustic_arts\" \/>\n<meta name=\"twitter:label1\" content=\"Est. reading time\" \/>\n\t<meta name=\"twitter:data1\" content=\"1 minute\" \/>\n<script type=\"application\/ld+json\" class=\"yoast-schema-graph\">{\"@context\":\"https:\\\/\\\/schema.org\",\"@graph\":[{\"@type\":\"WebPage\",\"@id\":\"https:\\\/\\\/www.accusticarts.de\\\/en\\\/impressum\\\/\",\"url\":\"https:\\\/\\\/www.accusticarts.de\\\/en\\\/impressum\\\/\",\"name\":\"Impressum - ACCUSTIC ARTS\u00ae - Audiophile High End Ger\u00e4te der absoluten Spitzenklasse\",\"isPartOf\":{\"@id\":\"https:\\\/\\\/www.accusticarts.de\\\/en\\\/#website\"},\"datePublished\":\"2017-01-22T21:27:13+00:00\",\"dateModified\":\"2020-11-22T18:50:45+00:00\",\"breadcrumb\":{\"@id\":\"https:\\\/\\\/www.accusticarts.de\\\/en\\\/impressum\\\/#breadcrumb\"},\"inLanguage\":\"en-US\",\"potentialAction\":[{\"@type\":\"ReadAction\",\"target\":[\"https:\\\/\\\/www.accusticarts.de\\\/en\\\/impressum\\\/\"]}]},{\"@type\":\"BreadcrumbList\",\"@id\":\"https:\\\/\\\/www.accusticarts.de\\\/en\\\/impressum\\\/#breadcrumb\",\"itemListElement\":[{\"@type\":\"ListItem\",\"position\":1,\"name\":\"Startseite\",\"item\":\"https:\\\/\\\/www.accusticarts.de\\\/en\\\/\"},{\"@type\":\"ListItem\",\"position\":2,\"name\":\"Impressum\"}]},{\"@type\":\"WebSite\",\"@id\":\"https:\\\/\\\/www.accusticarts.de\\\/en\\\/#website\",\"url\":\"https:\\\/\\\/www.accusticarts.de\\\/en\\\/\",\"name\":\"Accustic Arts\u00ae\",\"description\":\"Finest Music Components \u2013 Handmade in Germany\",\"potentialAction\":[{\"@type\":\"SearchAction\",\"target\":{\"@type\":\"EntryPoint\",\"urlTemplate\":\"https:\\\/\\\/www.accusticarts.de\\\/en\\\/?s={search_term_string}\"},\"query-input\":{\"@type\":\"PropertyValueSpecification\",\"valueRequired\":true,\"valueName\":\"search_term_string\"}}],\"inLanguage\":\"en-US\"}]}<\/script>\n<!-- \/ Yoast SEO Premium plugin. -->","yoast_head_json":{"title":"Impressum - ACCUSTIC ARTS\u00ae - Audiophile High End Ger\u00e4te der absoluten Spitzenklasse","robots":{"index":"index","follow":"follow","max-snippet":"max-snippet:-1","max-image-preview":"max-image-preview:large","max-video-preview":"max-video-preview:-1"},"canonical":"https:\/\/www.accusticarts.de\/en\/impressum\/","og_locale":"en_US","og_type":"article","og_title":"Impressum","og_description":"[vc_row][vc_column][vc_column_text] Impressum ACCUSTIC ARTS Audio GmbH Sitz Lauffen am Neckar Amtsgericht Stuttgart, Registergericht, HRB 751655 USt-IdNr. DE 298194527 WEEE-Reg.-Nr.: DE [&hellip;]","og_url":"https:\/\/www.accusticarts.de\/en\/impressum\/","og_site_name":"Accustic Arts\u00ae","article_publisher":"https:\/\/www.facebook.com\/highendaccusticarts","article_modified_time":"2020-11-22T18:50:45+00:00","twitter_card":"summary_large_image","twitter_site":"@accustic_arts","twitter_misc":{"Est. reading time":"1 minute"},"schema":{"@context":"https:\/\/schema.org","@graph":[{"@type":"WebPage","@id":"https:\/\/www.accusticarts.de\/en\/impressum\/","url":"https:\/\/www.accusticarts.de\/en\/impressum\/","name":"Impressum - ACCUSTIC ARTS\u00ae - Audiophile High End Ger\u00e4te der absoluten Spitzenklasse","isPartOf":{"@id":"https:\/\/www.accusticarts.de\/en\/#website"},"datePublished":"2017-01-22T21:27:13+00:00","dateModified":"2020-11-22T18:50:45+00:00","breadcrumb":{"@id":"https:\/\/www.accusticarts.de\/en\/impressum\/#breadcrumb"},"inLanguage":"en-US","potentialAction":[{"@type":"ReadAction","target":["https:\/\/www.accusticarts.de\/en\/impressum\/"]}]},{"@type":"BreadcrumbList","@id":"https:\/\/www.accusticarts.de\/en\/impressum\/#breadcrumb","itemListElement":[{"@type":"ListItem","position":1,"name":"Startseite","item":"https:\/\/www.accusticarts.de\/en\/"},{"@type":"ListItem","position":2,"name":"Impressum"}]},{"@type":"WebSite","@id":"https:\/\/www.accusticarts.de\/en\/#website","url":"https:\/\/www.accusticarts.de\/en\/","name":"Accustic Arts\u00ae","description":"Finest Music Components \u2013 Handmade in Germany","potentialAction":[{"@type":"SearchAction","target":{"@type":"EntryPoint","urlTemplate":"https:\/\/www.accusticarts.de\/en\/?s={search_term_string}"},"query-input":{"@type":"PropertyValueSpecification","valueRequired":true,"valueName":"search_term_string"}}],"inLanguage":"en-US"}]}},"_links":{"self":[{"href":"https:\/\/www.accusticarts.de\/en\/wp-json\/wp\/v2\/pages\/56611","targetHints":{"allow":["GET"]}}],"collection":[{"href":"https:\/\/www.accusticarts.de\/en\/wp-json\/wp\/v2\/pages"}],"about":[{"href":"https:\/\/www.accusticarts.de\/en\/wp-json\/wp\/v2\/types\/page"}],"author":[{"embeddable":true,"href":"https:\/\/www.accusticarts.de\/en\/wp-json\/wp\/v2\/users\/1"}],"replies":[{"embeddable":true,"href":"https:\/\/www.accusticarts.de\/en\/wp-json\/wp\/v2\/comments?post=56611"}],"version-history":[{"count":0,"href":"https:\/\/www.accusticarts.de\/en\/wp-json\/wp\/v2\/pages\/56611\/revisions"}],"wp:attachment":[{"href":"https:\/\/www.accusticarts.de\/en\/wp-json\/wp\/v2\/media?parent=56611"}],"curies":[{"name":"wp","href":"https:\/\/api.w.org\/{rel}","templated":true}]}}